{"id":19,"date":"2018-07-11T09:47:46","date_gmt":"2018-07-11T09:47:46","guid":{"rendered":"http:\/\/nativa-institute.eu\/?page_id=19"},"modified":"2020-05-05T15:48:16","modified_gmt":"2020-05-05T15:48:16","slug":"contact","status":"publish","type":"page","link":"https:\/\/nativa-institute.eu\/index.php\/contact\/","title":{"rendered":"Contact"},"content":{"rendered":"<p>Nativa, In\u0161titut za trajnostno rast<br \/>\nNativa, Institute for Sustainable Growth<br \/>\nZamu\u0161ani 100a, 2272 Gori\u0161nica, Slovenia<br \/>\nT: +386 41 995 712<br \/>\nE: nativa.institute@gmail.com<\/p>\n","protected":false},"excerpt":{"rendered":"<p>Nativa, In\u0161titut za trajnostno rast Nativa, Institute for Sustainable Growth Zamu\u0161ani 100a, 2272 Gori\u0161nica, Slovenia T: +386 41 995 712 E: nativa.institute@gmail.com<\/p>\n","protected":false},"author":1,"featured_media":72,"parent":0,"menu_order":0,"comment_status":"closed","ping_status":"closed","template":"","meta":{"footnotes":""},"class_list":["post-19","page","type-page","status-publish","has-post-thumbnail","hentry"],"_links":{"self":[{"href":"https:\/\/nativa-institute.eu\/index.php\/wp-json\/wp\/v2\/pages\/19","targetHints":{"allow":["GET"]}}],"collection":[{"href":"https:\/\/nativa-institute.eu\/index.php\/wp-json\/wp\/v2\/pages"}],"about":[{"href":"https:\/\/nativa-institute.eu\/index.php\/wp-json\/wp\/v2\/types\/page"}],"author":[{"embeddable":true,"href":"https:\/\/nativa-institute.eu\/index.php\/wp-json\/wp\/v2\/users\/1"}],"replies":[{"embeddable":true,"href":"https:\/\/nativa-institute.eu\/index.php\/wp-json\/wp\/v2\/comments?post=19"}],"version-history":[{"count":3,"href":"https:\/\/nativa-institute.eu\/index.php\/wp-json\/wp\/v2\/pages\/19\/revisions"}],"predecessor-version":[{"id":238,"href":"https:\/\/nativa-institute.eu\/index.php\/wp-json\/wp\/v2\/pages\/19\/revisions\/238"}],"wp:featuredmedia":[{"embeddable":true,"href":"https:\/\/nativa-institute.eu\/index.php\/wp-json\/wp\/v2\/media\/72"}],"wp:attachment":[{"href":"https:\/\/nativa-institute.eu\/index.php\/wp-json\/wp\/v2\/media?parent=19"}],"curies":[{"name":"wp","href":"https:\/\/api.w.org\/{rel}","templated":true}]}}